{"id":11914,"date":"2021-09-14T09:06:03","date_gmt":"2021-09-14T09:06:03","guid":{"rendered":"https:\/\/poweractive.es\/?page_id=11914"},"modified":"2021-09-17T09:53:47","modified_gmt":"2021-09-17T09:53:47","slug":"vegan-power-active","status":"publish","type":"page","link":"https:\/\/poweractive.es\/?page_id=11914","title":{"rendered":"Vegan &#8211; Power Active"},"content":{"rendered":"[vc_row][vc_column offset=\u00bbvc_hidden-xs\u00bb][rev_slider_vc alias=\u00bbone-page-1&#8243;][vc_empty_space height=\u00bb60px\u00bb][\/vc_column][\/vc_row][vc_row css=\u00bb.vc_custom_1549462883135{padding-bottom: 75px !important;}\u00bb][vc_column][vc_empty_space height=\u00bb60px\u00bb][\/vc_column][\/vc_row][vc_row css=\u00bb.vc_custom_1631260906631{padding-top: -100px !important;}\u00bb][vc_column width=\u00bb1\/2&#8243;][vc_single_image image=\u00bb11815&#8243; img_size=\u00bbfull\u00bb alignment=\u00bbcenter\u00bb el_id=\u00bbVeganPAIMG\u00bb][\/vc_column][vc_column width=\u00bb1\/2&#8243;][vc_empty_space height=\u00bb60px\u00bb][vc_column_text css=\u00bb.vc_custom_1631610329743{padding-right: 10% !important;padding-left: 10% !important;}\u00bb]<span style=\"color: #000000;\">\u00a1Sin leche, no hay problema! Nuestra nueva <strong>Prote\u00edna Vegana<\/strong> es alta en prote\u00ednas y contiene una combinaci\u00f3n \u00fanica de prote\u00ednas <strong>100% de origen vegetal<\/strong>. Y eso no es todo, esta nueva receta garantiza una textura mejor y un sabor mejor. Porque reinventar la comida fitness es lo que mejor hacemos.<\/span>[\/vc_column_text][vc_images_carousel images=\u00bb11858,11859&#8243; img_size=\u00bbfull\u00bb onclick=\u00bblink_no\u00bb slides_per_view=\u00bb2&#8243; hide_pagination_control=\u00bbyes\u00bb hide_prev_next_buttons=\u00bbyes\u00bb css_animation=\u00bbfadeIn\u00bb css=\u00bb.vc_custom_1631524930380{margin-right: 15% !important;margin-left: 15% !important;}\u00bb][\/vc_column][\/vc_row][vc_row css=\u00bb.vc_custom_1549462883135{padding-bottom: 75px !important;}\u00bb][vc_column width=\u00bb1\/3&#8243; css=\u00bb.vc_custom_1631522469373{padding-right: 5% !important;padding-left: 5% !important;}\u00bb][vc_empty_space height=\u00bb90px\u00bb][vc_single_image image=\u00bb11897&#8243; img_size=\u00bb100&#215;100&#8243; alignment=\u00bbcenter\u00bb]<h3 class=\"frgn-element frgn-title frgn-align-inherit frgn-h3\" style=\"\"><span>\n<h2 style=\"text-align: center;\">80g POR ENVASE<\/h2>\n<\/span><\/h3>[vc_column_text]Las prote\u00ednas son los pilares fundamentales de la vida. Cada c\u00e9lula del cuerpo humano las contiene. La estructura b\u00e1sica de la prote\u00edna es una cadena de amino\u00e1cidos. Es necesario consumir prote\u00ednas en la dieta para ayudarle al cuerpo a reparar c\u00e9lulas y producir c\u00e9lulas nuevas.[\/vc_column_text][\/vc_column][vc_column width=\u00bb1\/3&#8243; css=\u00bb.vc_custom_1631522475766{padding-right: 5% !important;padding-left: 5% !important;}\u00bb][vc_empty_space height=\u00bb90px\u00bb][vc_single_image image=\u00bb11896&#8243; img_size=\u00bb100&#215;100&#8243; alignment=\u00bbcenter\u00bb]<h3 class=\"frgn-element frgn-title frgn-align-inherit frgn-h3\" style=\"\"><span>\n<h2 style=\"text-align: center;\"><strong>PROTEINA ISOLATED<\/strong><\/h2>\n<\/span><\/h3>[vc_column_text]La prote\u00edna isolate tiene una concentraci\u00f3n del 90 %. Se consigue eliminando las grasas y los carbohidratos. Estas prote\u00ednas aportan a tu cuerpo todos los amino\u00e1cidos esenciales, se digiere f\u00e1cilmente y te ayuda a fortalecer la masa muscular. Ayuda a quemar grasa y aumentar masa muscular.[\/vc_column_text][\/vc_column][vc_column width=\u00bb1\/3&#8243; css=\u00bb.vc_custom_1631522481382{padding-right: 5% !important;padding-left: 5% !important;}\u00bb][vc_empty_space height=\u00bb90px\u00bb][vc_single_image image=\u00bb11898&#8243; img_size=\u00bb100&#215;100&#8243; alignment=\u00bbcenter\u00bb]<h3 class=\"frgn-element frgn-title frgn-align-inherit frgn-h3\" style=\"\"><span>\n<h2 style=\"text-align: center;\">BCAs 2:1:1<\/h2>\n<\/span><\/h3>[vc_column_text]Los BCAA ser\u00edan los amino\u00e1cidos esenciales de cadena ramificada (leucina, isoleucina y valina), cuya funci\u00f3n es mantener el tejido muscular y prevenir la degradaci\u00f3n prote\u00edca muscular. Mejoran el rendimiento deportivo y reducen los s\u00edntomas de dolor muscular despu\u00e9s de entrenar.[\/vc_column_text][\/vc_column][\/vc_row][vc_row][vc_column][vc_separator][\/vc_column][\/vc_row][vc_row full_width=\u00bbstretch_row_content\u00bb el_class=\u00bbuppercase\u00bb css=\u00bb.vc_custom_1631548170118{padding-right: 15% !important;padding-left: 15% !important;}\u00bb][vc_column width=\u00bb1\/2&#8243;][vc_single_image image=\u00bb11779&#8243; img_size=\u00bbfull\u00bb alignment=\u00bbcenter\u00bb][\/vc_column][vc_column width=\u00bb1\/2&#8243;]<h3 class=\"frgn-element frgn-title frgn-align-inherit frgn-h3\" style=\"\"><span>\n<h2 style=\"text-align: left;\"><strong>CHOCOLATE<\/strong><\/h2>\n<\/span><\/h3>[vc_tta_tabs shape=\u00bbsquare\u00bb color=\u00bbwhite\u00bb spacing=\u00bb10&#8243; active_section=\u00bb1&#8243; no_fill_content_area=\u00bbtrue\u00bb css=\u00bb.vc_custom_1631698174477{background-color: #ffffff !important;}\u00bb][vc_tta_section title=\u00bbINGREDIENTES\u00bb tab_id=\u00bb1631633192415-3582e7f3-9d40&#8243;][vc_column_text]<strong>BEBIDA UHT CON ALTO CONTENIDO EN PROTE\u00cdNA DE SOJA CON SABOR A CHOCOLATE Y CON EDULCORANTES. <\/strong><\/p>\n<p><strong>INGREDIENTES:<\/strong> Agua, prote\u00edna aislada de <strong>SOJA<\/strong>, cacao desgrasado en polvo (2%), leche de coco en polvo, emulgente (lecitina de girasol), sal, espesantes (goma de celulosa, goma de xantana y goma de guar), aromas y edulcorantes (acesulfamo K y sucralosa).<\/p>\n<p><strong>MODO DE EMPLEO:<\/strong> Listo para beber. Agitar bien antes de abrir. Este producto no debe sustituir una alimentaci\u00f3n variada y equilibrada ni un estilo de vida saludable. Mantener fuera del alcance de los ni\u00f1os m\u00e1s peque\u00f1os. Conservar en el envase original, en un lugar fresco y seco, evitando el calor excesivo, la humedad y la luz solar directa. Una vez abierto, guardar en la nevera y consumir antes de 3 d\u00edas. Aseg\u00farese de que el recipiente est\u00e1 cerrado correctamente.[\/vc_column_text][\/vc_tta_section][vc_tta_section title=\u00bbTABLA NUTRICIONAL\u00bb tab_id=\u00bb1631633192546-bacde04a-f835&#8243;][vc_column_text]\n<table style=\"border-collapse: collapse; width: 100%;\" border=\"0\" width=\"348\" cellspacing=\"0\" cellpadding=\"0\">\n<tbody>\n<tr style=\"height: 16.0pt;\">\n<td class=\"xl66\" style=\"height: 16.0pt; width: 260pt;\" colspan=\"4\" width=\"348\" height=\"21\"><strong>NUTRITIONAL INFORMATION<\/strong><\/td>\n<\/tr>\n<tr style=\"height: 16.0pt;\">\n<td class=\"xl66\" style=\"height: 16.0pt;\" colspan=\"2\" height=\"21\"><strong>AVERAGE VALUES<\/strong><\/td>\n<td class=\"xl66\"><strong>PER 100ML<\/strong><\/td>\n<td class=\"xl66\"><strong>PER 330ML<\/strong><\/td>\n<\/tr>\n<tr style=\"height: 16.0pt;\">\n<td class=\"xl65\" style=\"height: 16.0pt;\" colspan=\"2\" height=\"21\">ENERGY (KCAL\/KJ)<\/td>\n<td>49\/203<\/td>\n<td class=\"xl65\">160\/669<\/td>\n<\/tr>\n<tr style=\"height: 16.0pt;\">\n<td class=\"xl65\" style=\"height: 16.0pt;\" colspan=\"2\" height=\"21\">FATS<\/td>\n<td>1,1g<\/td>\n<td class=\"xl65\">3,6g<\/td>\n<\/tr>\n<tr style=\"height: 16.0pt;\">\n<td class=\"xl65\" style=\"height: 16.0pt;\" colspan=\"2\" height=\"21\">SATURATED<\/td>\n<td><\/td>\n<td class=\"xl65\"><\/td>\n<\/tr>\n<tr style=\"height: 16.0pt;\">\n<td class=\"xl65\" style=\"height: 16.0pt;\" colspan=\"2\" height=\"21\">MONOUNSATURATED<\/td>\n<td>0,6g<\/td>\n<td class=\"xl65\">2,0g<\/td>\n<\/tr>\n<tr style=\"height: 16.0pt;\">\n<td class=\"xl65\" style=\"height: 16.0pt;\" colspan=\"2\" height=\"21\">POLYUNSATURATED<\/td>\n<td>0,2g<\/td>\n<td class=\"xl65\">0,6g<\/td>\n<\/tr>\n<tr style=\"height: 16.0pt;\">\n<td class=\"xl65\" style=\"height: 16.0pt;\" colspan=\"2\" height=\"21\">CARBOHYDRATES<\/td>\n<td>0,3g<\/td>\n<td class=\"xl65\">1,0g<\/td>\n<\/tr>\n<tr style=\"height: 16.0pt;\">\n<td class=\"xl65\" style=\"height: 16.0pt;\" colspan=\"2\" height=\"21\">SUGARS<\/td>\n<td>1,0g<\/td>\n<td class=\"xl65\">3,3g<\/td>\n<\/tr>\n<tr style=\"height: 16.0pt;\">\n<td class=\"xl65\" style=\"height: 16.0pt;\" colspan=\"2\" height=\"21\">PROTEINS<\/td>\n<td>0,3g<\/td>\n<td class=\"xl65\">1,0g<\/td>\n<\/tr>\n<tr style=\"height: 16.0pt;\">\n<td class=\"xl65\" style=\"height: 16.0pt;\" colspan=\"2\" height=\"21\">FIBER<\/td>\n<td>8,0g<\/td>\n<td class=\"xl65\">26,4g<\/td>\n<\/tr>\n<tr style=\"height: 16.0pt;\">\n<td class=\"xl65\" style=\"height: 16.0pt;\" colspan=\"2\" height=\"21\">SALT<\/td>\n<td>0,6g<\/td>\n<td class=\"xl65\">2,0g<\/td>\n<\/tr>\n<\/tbody>\n<\/table>\n[\/vc_column_text][\/vc_tta_section][vc_tta_section title=\u00bbAMINOGRAMA\u00bb tab_id=\u00bb1631633192669-b1850642-3b45&#8243;][vc_column_text]\n<table width=\"100%\">\n<tbody>\n<tr>\n<td colspan=\"4\" width=\"348\"><strong>AMINOGRAM<\/strong><\/td>\n<\/tr>\n<tr>\n<td colspan=\"2\"><strong>AVERAGE VALUES<\/strong><\/td>\n<td><strong>PER 100ML<\/strong><\/td>\n<td><strong>PER 330ML<\/strong><\/td>\n<\/tr>\n<tr>\n<td colspan=\"2\">ALANINE<\/td>\n<td>342mg<\/td>\n<td>1129mg<\/td>\n<\/tr>\n<tr>\n<td colspan=\"2\">ARGININE<\/td>\n<td>603mg<\/td>\n<td>1990mg<\/td>\n<\/tr>\n<tr>\n<td colspan=\"2\">ASPARTIC ACID<\/td>\n<td>918mg<\/td>\n<td>3029mg<\/td>\n<\/tr>\n<tr>\n<td colspan=\"2\">CYSTEINE<\/td>\n<td>99mg<\/td>\n<td>327mg<\/td>\n<\/tr>\n<tr>\n<td colspan=\"2\">GLUTAMIC ACID<\/td>\n<td>1512mg<\/td>\n<td>4990mg<\/td>\n<\/tr>\n<tr>\n<td colspan=\"2\">GLYCIDINE<\/td>\n<td>333mg<\/td>\n<td>1099mg<\/td>\n<\/tr>\n<tr>\n<td colspan=\"2\">HISTIDINE<\/td>\n<td>207mg<\/td>\n<td>683mg<\/td>\n<\/tr>\n<tr>\n<td colspan=\"2\">ISOLEUCINE<\/td>\n<td>387mg<\/td>\n<td>1277mg<\/td>\n<\/tr>\n<tr>\n<td colspan=\"2\">LEUCINE<\/td>\n<td>648mg<\/td>\n<td>2138mg<\/td>\n<\/tr>\n<tr>\n<td colspan=\"2\">LYSINE<\/td>\n<td>495mg<\/td>\n<td>1634mg<\/td>\n<\/tr>\n<tr>\n<td colspan=\"2\">METHIONINE<\/td>\n<td>108mg<\/td>\n<td>356mg<\/td>\n<\/tr>\n<tr>\n<td colspan=\"2\">PHENYLALANINE<\/td>\n<td>414mg<\/td>\n<td>1366mg<\/td>\n<\/tr>\n<tr>\n<td colspan=\"2\">PROLINE<\/td>\n<td>405mg<\/td>\n<td>1337mg<\/td>\n<\/tr>\n<tr>\n<td colspan=\"2\">SERINE<\/td>\n<td>414mg<\/td>\n<td>1366mg<\/td>\n<\/tr>\n<tr>\n<td colspan=\"2\">THREONINE<\/td>\n<td>297mg<\/td>\n<td>980mg<\/td>\n<\/tr>\n<tr>\n<td colspan=\"2\">TRYPTOPHAN<\/td>\n<td>108mg<\/td>\n<td>356mg<\/td>\n<\/tr>\n<tr>\n<td colspan=\"2\">TYROSINE<\/td>\n<td>297mg<\/td>\n<td>980mg<\/td>\n<\/tr>\n<tr>\n<td colspan=\"2\">VALINE<\/td>\n<td>396mg<\/td>\n<td>1307mg<\/td>\n<\/tr>\n<\/tbody>\n<\/table>\n[\/vc_column_text][\/vc_tta_section][\/vc_tta_tabs][\/vc_column][\/vc_row][vc_row][vc_column][vc_separator][\/vc_column][\/vc_row][vc_row full_width=\u00bbstretch_row_content\u00bb el_class=\u00bbuppercase\u00bb css=\u00bb.vc_custom_1631548170118{padding-right: 15% !important;padding-left: 15% !important;}\u00bb][vc_column width=\u00bb1\/2&#8243;]<h3 class=\"frgn-element frgn-title frgn-align-inherit frgn-h3\" style=\"\"><span>\n<h2 style=\"text-align: left;\"><strong>VAINILLA<\/strong><\/h2>\n<\/span><\/h3>[vc_tta_tabs shape=\u00bbsquare\u00bb color=\u00bbwhite\u00bb spacing=\u00bb10&#8243; active_section=\u00bb1&#8243; no_fill_content_area=\u00bbtrue\u00bb css=\u00bb.vc_custom_1631633162534{background-color: #ffffff !important;}\u00bb][vc_tta_section title=\u00bbINGREDIENTES\u00bb tab_id=\u00bb1631633464658-d06f22a0-a18c\u00bb][vc_column_text]<strong>BEBIDA UHT CON ALTO CONTENIDO EN PROTE\u00cdNA DE SOJA CON SABOR A VAINILLA Y EDULCORANTES. <\/strong><\/p>\n<p><strong>INGREDIENTES:<\/strong> Agua, prote\u00edna aislada de <strong>SOJA<\/strong>, leche de coco en polvo, emulgente (lecitina de girasol), sal, espesantes (goma de celulosa, goma de xantana y goma de guar), aromas, colorante (beta caroteno) y edulcorantes (acesulfamo K y sucralosa).<\/p>\n<p><strong>MODO DE EMPLEO:<\/strong> Listo para beber. Agitar bien antes de abrir. Este producto no debe sustituir una alimentaci\u00f3n variada y equilibrada ni un estilo de vida saludable. Mantener fuera del alcance de los ni\u00f1os m\u00e1s peque\u00f1os. Conservar en el envase original, en un lugar fresco y seco, evitando el calor excesivo, la humedad y la luz solar directa. Una vez abierto, guardar en la nevera y consumir antes de 3 d\u00edas. Aseg\u00farese de que el recipiente est\u00e1 cerrado correctamente.[\/vc_column_text][\/vc_tta_section][vc_tta_section title=\u00bbTABLA NUTRICIONAL\u00bb tab_id=\u00bb1631632697004-0a6d386c-537a\u00bb][vc_column_text]\n<table style=\"border-collapse: collapse; width: 100%;\" border=\"0\" width=\"348\" cellspacing=\"0\" cellpadding=\"0\">\n<tbody>\n<tr style=\"height: 16.0pt;\">\n<td class=\"xl66\" style=\"height: 16.0pt; width: 260pt;\" colspan=\"4\" width=\"348\" height=\"21\"><strong>NUTRITIONAL INFORMATION<\/strong><\/td>\n<\/tr>\n<tr style=\"height: 16.0pt;\">\n<td class=\"xl66\" style=\"height: 16.0pt;\" colspan=\"2\" height=\"21\"><strong>AVERAGE VALUES<\/strong><\/td>\n<td class=\"xl66\"><strong>PER 100ML<\/strong><\/td>\n<td class=\"xl66\"><strong>PER 330ML<\/strong><\/td>\n<\/tr>\n<tr style=\"height: 16.0pt;\">\n<td class=\"xl65\" style=\"height: 16.0pt;\" colspan=\"2\" height=\"21\">ENERGY (KCAL\/KJ)<\/td>\n<td>59\/248<\/td>\n<td class=\"xl65\">196\/820<\/td>\n<\/tr>\n<tr style=\"height: 16.0pt;\">\n<td class=\"xl65\" style=\"height: 16.0pt;\" colspan=\"2\" height=\"21\">FATS<\/td>\n<td>2,0g<\/td>\n<td class=\"xl65\">6,6g<\/td>\n<\/tr>\n<tr style=\"height: 16.0pt;\">\n<td class=\"xl65\" style=\"height: 16.0pt;\" colspan=\"2\" height=\"21\">SATURATED<\/td>\n<td><\/td>\n<td class=\"xl65\"><\/td>\n<\/tr>\n<tr style=\"height: 16.0pt;\">\n<td class=\"xl65\" style=\"height: 16.0pt;\" colspan=\"2\" height=\"21\">MONOUNSATURATED<\/td>\n<td>1,6g<\/td>\n<td class=\"xl65\">5,3g<\/td>\n<\/tr>\n<tr style=\"height: 16.0pt;\">\n<td class=\"xl65\" style=\"height: 16.0pt;\" colspan=\"2\" height=\"21\">POLYUNSATURATED<\/td>\n<td>0,1g<\/td>\n<td class=\"xl65\">0,3g<\/td>\n<\/tr>\n<tr style=\"height: 16.0pt;\">\n<td class=\"xl65\" style=\"height: 16.0pt;\" colspan=\"2\" height=\"21\">CARBOHYDRATES<\/td>\n<td>0,3g<\/td>\n<td class=\"xl65\">1,0g<\/td>\n<\/tr>\n<tr style=\"height: 16.0pt;\">\n<td class=\"xl65\" style=\"height: 16.0pt;\" colspan=\"2\" height=\"21\">SUGARS<\/td>\n<td>2,2g<\/td>\n<td class=\"xl65\">7,3g<\/td>\n<\/tr>\n<tr style=\"height: 16.0pt;\">\n<td class=\"xl65\" style=\"height: 16.0pt;\" colspan=\"2\" height=\"21\">PROTEINS<\/td>\n<td>0,7g<\/td>\n<td class=\"xl65\">2,3g<\/td>\n<\/tr>\n<tr style=\"height: 16.0pt;\">\n<td class=\"xl65\" style=\"height: 16.0pt;\" colspan=\"2\" height=\"21\">FIBER<\/td>\n<td>8,0g<\/td>\n<td class=\"xl65\">26,5g<\/td>\n<\/tr>\n<tr style=\"height: 16.0pt;\">\n<td class=\"xl65\" style=\"height: 16.0pt;\" colspan=\"2\" height=\"21\">SALT<\/td>\n<td>0,0g<\/td>\n<td class=\"xl65\">0,1g<\/td>\n<\/tr>\n<\/tbody>\n<\/table>\n[\/vc_column_text][\/vc_tta_section][vc_tta_section title=\u00bbAMINOGRAMA\u00bb tab_id=\u00bb1631632932302-b2f2d7b8-0f60&#8243;][vc_column_text]\n<table width=\"100%\">\n<tbody>\n<tr>\n<td colspan=\"4\" width=\"348\"><strong>AMINOGRAM<\/strong><\/td>\n<\/tr>\n<tr>\n<td colspan=\"2\"><strong>AVERAGE VALUES<\/strong><\/td>\n<td><strong>PER 100ML<\/strong><\/td>\n<td><strong>PER 330ML<\/strong><\/td>\n<\/tr>\n<tr>\n<td colspan=\"2\">ALANINE<\/td>\n<td>342mg<\/td>\n<td>1129mg<\/td>\n<\/tr>\n<tr>\n<td colspan=\"2\">ARGININE<\/td>\n<td>603mg<\/td>\n<td>1990mg<\/td>\n<\/tr>\n<tr>\n<td colspan=\"2\">ASPARTIC ACID<\/td>\n<td>918mg<\/td>\n<td>3029mg<\/td>\n<\/tr>\n<tr>\n<td colspan=\"2\">CYSTEINE<\/td>\n<td>99mg<\/td>\n<td>327mg<\/td>\n<\/tr>\n<tr>\n<td colspan=\"2\">GLUTAMIC ACID<\/td>\n<td>1512mg<\/td>\n<td>4990mg<\/td>\n<\/tr>\n<tr>\n<td colspan=\"2\">GLYCIDINE<\/td>\n<td>333mg<\/td>\n<td>1099mg<\/td>\n<\/tr>\n<tr>\n<td colspan=\"2\">HISTIDINE<\/td>\n<td>207mg<\/td>\n<td>683mg<\/td>\n<\/tr>\n<tr>\n<td colspan=\"2\">ISOLEUCINE<\/td>\n<td>387mg<\/td>\n<td>1277mg<\/td>\n<\/tr>\n<tr>\n<td colspan=\"2\">LEUCINE<\/td>\n<td>648mg<\/td>\n<td>2138mg<\/td>\n<\/tr>\n<tr>\n<td colspan=\"2\">LYSINE<\/td>\n<td>495mg<\/td>\n<td>1634mg<\/td>\n<\/tr>\n<tr>\n<td colspan=\"2\">METHIONINE<\/td>\n<td>108mg<\/td>\n<td>356mg<\/td>\n<\/tr>\n<tr>\n<td colspan=\"2\">PHENYLALANINE<\/td>\n<td>414mg<\/td>\n<td>1366mg<\/td>\n<\/tr>\n<tr>\n<td colspan=\"2\">PROLINE<\/td>\n<td>405mg<\/td>\n<td>1337mg<\/td>\n<\/tr>\n<tr>\n<td colspan=\"2\">SERINE<\/td>\n<td>414mg<\/td>\n<td>1366mg<\/td>\n<\/tr>\n<tr>\n<td colspan=\"2\">THREONINE<\/td>\n<td>297mg<\/td>\n<td>980mg<\/td>\n<\/tr>\n<tr>\n<td colspan=\"2\">TRYPTOPHAN<\/td>\n<td>108mg<\/td>\n<td>356mg<\/td>\n<\/tr>\n<tr>\n<td colspan=\"2\">TYROSINE<\/td>\n<td>297mg<\/td>\n<td>980mg<\/td>\n<\/tr>\n<tr>\n<td colspan=\"2\">VALINE<\/td>\n<td>396mg<\/td>\n<td>1307mg<\/td>\n<\/tr>\n<\/tbody>\n<\/table>\n[\/vc_column_text][\/vc_tta_section][\/vc_tta_tabs][\/vc_column][vc_column width=\u00bb1\/2&#8243;][vc_single_image image=\u00bb11780&#8243; img_size=\u00bbfull\u00bb alignment=\u00bbcenter\u00bb][\/vc_column][\/vc_row][vc_row full_width=\u00bbstretch_row_content\u00bb el_class=\u00bbuppercase\u00bb css=\u00bb.vc_custom_1550327652736{padding-bottom: 15px !important;}\u00bb][vc_column width=\u00bb1\/2&#8243; css=\u00bb.vc_custom_1549640225085{padding-right: 7px !important;}\u00bb]<div id=\"ultib3-212259142769fa1996dc971\" class=\" vc_custom_1631698405144 ultb3-box ult-adjust-bottom-margin  ultb3-hover-5\" style=\"\"><img src=\"https:\/\/poweractive.es\/wp-content\/uploads\/2021\/09\/josh-nuttall-uNQ-TTg_qNY-unsplash-scaled.jpg\" style=\"\" class=\"ultb3-img ultb3-img-center\" alt=\"null\"\/><div id=\"Info-banner-wrap2969\" class=\"ultb3-info ib3-info-center\" data-animation=\"\" data-animation-delay=\"03\"><h2 class=\"ultb3-title ult-responsive\"  data-ultimate-target='#Info-banner-wrap2969 .ultb3-title'  data-responsive-json-new='{\"font-size\":\"desktop:80px;tablet:50px;tablet_portrait:25px;mobile_landscape:25px;\",\"line-height\":\"\"}'  style=\"font-weight:bold;color:#ffffff;\">WHEY<\/h2><div class=\"ultb3-desc ult-responsive\"  data-ultimate-target='#Info-banner-wrap2969 .ultb3-desc'  data-responsive-json-new='{\"font-size\":\"\",\"line-height\":\"\"}'  style=\"font-weight:normal;color:#ffffff;\">ISOLATED PROTEIN<\/div><a href=\"https:\/\/poweractive.es\/?page_id=11865\" title=\"Whey \u2013 Power Active\"  class=\"ultb3-btn ult-responsive\"  data-ultimate-target='#Info-banner-wrap2969 .ultb3-btn'  data-responsive-json-new='{\"font-size\":\"\",\"line-height\":\"\"}'  style=\"font-weight:normal;\">SABER M\u00c1S<i class=\"Defaults-angle-right\"><\/i><\/a><\/div><\/div><style>\r\n\t\t\t\t\t#ultib3-212259142769fa1996dc971 {\r\n\t\t\t\t\t\tmin-height:500px;\r\n\t\t\t\t\t}\r\n\t\t\t\t\t#ultib3-212259142769fa1996dc971 img.ultb3-img {\r\n\t\t\t\t\t\theight: 600px;\r\n\t\t\t\t\t}\r\n\t\t\t\t\t#ultib3-212259142769fa1996dc971 .ultb3-btn {\r\n\t\t\t\t\t\tborder:0px solid #0098ba;border-radius:0px;color:#ffffff;\r\n\t\t\t\t\t}\r\n\t\t\t\t\t#ultib3-212259142769fa1996dc971 .ultb3-btn:hover {\r\n\t\t\t\t\t\tbackground:#0098ba;color:#ffffff;\r\n\t\t\t\t\t}\r\n\t\t\t\t<\/style><style>\r\n\t\t\t\t\t\t@media (min-width: 1824px) {\r\n\t\t\t\t\t\t\t #ultib3-212259142769fa1996dc971 img.ultb3-img {\r\n\t\t\t\t\t\t\t\theight:700px;\r\n\t\t\t\t\t\t\t}\r\n\t\t\t\t\t\t}\r\n\t\t\t\t\t<\/style>[\/vc_column][vc_column width=\u00bb1\/2&#8243; css=\u00bb.vc_custom_1549640211764{padding-left: 7px !important;}\u00bb]<div id=\"ultib3-230870701669fa1996dcbb0\" class=\" vc_custom_1631698415868 ultb3-box ult-adjust-bottom-margin  ultb3-hover-5\" style=\"\"><img src=\"https:\/\/poweractive.es\/wp-content\/uploads\/2021\/07\/sven-mieke-jO6vBWX9h9Y-unsplash-1-LOW.jpg\" style=\"\" class=\"ultb3-img ultb3-img-center\" alt=\"null\"\/><div id=\"Info-banner-wrap5677\" class=\"ultb3-info ib3-info-center\" data-animation=\"\" data-animation-delay=\"03\"><h2 class=\"ultb3-title ult-responsive\"  data-ultimate-target='#Info-banner-wrap5677 .ultb3-title'  data-responsive-json-new='{\"font-size\":\"desktop:80px;tablet:50px;tablet_portrait:25px;mobile_landscape:25px;\",\"line-height\":\"\"}'  style=\"font-weight:bold;color:#ffffff;\">VEGAN<\/h2><div class=\"ultb3-desc ult-responsive\"  data-ultimate-target='#Info-banner-wrap5677 .ultb3-desc'  data-responsive-json-new='{\"font-size\":\"\",\"line-height\":\"\"}'  style=\"font-weight:normal;color:#ffffff;\">ISOLATED PROTEIN<\/div><a href=\"https:\/\/poweractive.es\/?page_id=11914\" title=\"Vegan \u2013 Power Active\"  class=\"ultb3-btn ult-responsive\"  data-ultimate-target='#Info-banner-wrap5677 .ultb3-btn'  data-responsive-json-new='{\"font-size\":\"\",\"line-height\":\"\"}'  style=\"font-weight:normal;\">SABER M\u00c1S<i class=\"Defaults-angle-right\"><\/i><\/a><\/div><\/div><style>\r\n\t\t\t\t\t#ultib3-230870701669fa1996dcbb0 {\r\n\t\t\t\t\t\tmin-height:500px;\r\n\t\t\t\t\t}\r\n\t\t\t\t\t#ultib3-230870701669fa1996dcbb0 img.ultb3-img {\r\n\t\t\t\t\t\theight: 600px;\r\n\t\t\t\t\t}\r\n\t\t\t\t\t#ultib3-230870701669fa1996dcbb0 .ultb3-btn {\r\n\t\t\t\t\t\tborder:0px solid #a8cb00;border-radius:0px;color:#ffffff;\r\n\t\t\t\t\t}\r\n\t\t\t\t\t#ultib3-230870701669fa1996dcbb0 .ultb3-btn:hover {\r\n\t\t\t\t\t\tbackground:#a8cb00;color:#ffffff;\r\n\t\t\t\t\t}\r\n\t\t\t\t<\/style><style>\r\n\t\t\t\t\t\t@media (min-width: 1824px) {\r\n\t\t\t\t\t\t\t #ultib3-230870701669fa1996dcbb0 img.ultb3-img {\r\n\t\t\t\t\t\t\t\theight:700px;\r\n\t\t\t\t\t\t\t}\r\n\t\t\t\t\t\t}\r\n\t\t\t\t\t<\/style>[\/vc_column][\/vc_row][vc_row full_width=\u00bbstretch_row_content\u00bb css=\u00bb.vc_custom_1631694825912{padding-right: 5% !important;padding-left: 5% !important;background-color: #000000 !important;}\u00bb][vc_column width=\u00bb4\/6&#8243;][vc_empty_space height=\u00bb25px\u00bb][vc_column_text]<span style=\"color: #ffffff;\">Contacto | Preguntas de cocina | Mapa web | \u00danete al equipo | Aviso legal | Pol\u00edtica de cookies | Pol\u00edtica de privacidad<\/span>[\/vc_column_text][\/vc_column][vc_column width=\u00bb1\/6&#8243;][vc_empty_space height=\u00bb25px\u00bb][vc_column_text]<span style=\"color: #ffffff;\">2021 \u00ae PowerActive<\/span>[\/vc_column_text][\/vc_column][vc_column width=\u00bb1\/6&#8243;][vc_empty_space height=\u00bb10px\u00bb][vc_single_image image=\u00bb11788&#8243; img_size=\u00bbfull\u00bb alignment=\u00bbcenter\u00bb][\/vc_column][\/vc_row]\n","protected":false},"excerpt":{"rendered":"<p>[vc_row][vc_column offset=\u00bbvc_hidden-xs\u00bb][rev_slider_vc alias=\u00bbone-page-1&#8243;][vc_empty_space height=\u00bb60px\u00bb][\/vc_column][\/vc_row][vc_row css=\u00bb.vc_custom_1549462883135{padding-bottom: 75px !important;}\u00bb][vc_column][vc_empty_space height=\u00bb60px\u00bb][\/vc_column][\/vc_row][vc_row css=\u00bb.vc_custom_1631260906631{padding-top: -100px !important;}\u00bb][vc_column width=\u00bb1\/2&#8243;][vc_single_image image=\u00bb11815&#8243; img_size=\u00bbfull\u00bb alignment=\u00bbcenter\u00bb el_id=\u00bbVeganPAIMG\u00bb][\/vc_column][vc_column width=\u00bb1\/2&#8243;][vc_empty_space height=\u00bb60px\u00bb][vc_column_text css=\u00bb.vc_custom_1631610329743{padding-right: 10% !important;padding-left: 10% !important;}\u00bb]\u00a1Sin leche, no hay problema! Nuestra nueva Prote\u00edna Vegana es alta en prote\u00ednas y contiene una combinaci\u00f3n \u00fanica de prote\u00ednas 100% de origen vegetal. Y eso no es todo, esta nueva receta garantiza [&hellip;]<\/p>\n","protected":false},"author":1,"featured_media":0,"parent":0,"menu_order":0,"comment_status":"closed","ping_status":"closed","template":"page-fullwidth.php","meta":[],"_links":{"self":[{"href":"https:\/\/poweractive.es\/index.php?rest_route=\/wp\/v2\/pages\/11914"}],"collection":[{"href":"https:\/\/poweractive.es\/index.php?rest_route=\/wp\/v2\/pages"}],"about":[{"href":"https:\/\/poweractive.es\/index.php?rest_route=\/wp\/v2\/types\/page"}],"author":[{"embeddable":true,"href":"https:\/\/poweractive.es\/index.php?rest_route=\/wp\/v2\/users\/1"}],"replies":[{"embeddable":true,"href":"https:\/\/poweractive.es\/index.php?rest_route=%2Fwp%2Fv2%2Fcomments&post=11914"}],"version-history":[{"count":58,"href":"https:\/\/poweractive.es\/index.php?rest_route=\/wp\/v2\/pages\/11914\/revisions"}],"predecessor-version":[{"id":12144,"href":"https:\/\/poweractive.es\/index.php?rest_route=\/wp\/v2\/pages\/11914\/revisions\/12144"}],"wp:attachment":[{"href":"https:\/\/poweractive.es\/index.php?rest_route=%2Fwp%2Fv2%2Fmedia&parent=11914"}],"curies":[{"name":"wp","href":"https:\/\/api.w.org\/{rel}","templated":true}]}}