{"id":11865,"date":"2021-09-13T14:33:06","date_gmt":"2021-09-13T14:33:06","guid":{"rendered":"https:\/\/poweractive.es\/?page_id=11865"},"modified":"2021-09-17T09:56:07","modified_gmt":"2021-09-17T09:56:07","slug":"whey-power-active","status":"publish","type":"page","link":"https:\/\/poweractive.es\/?page_id=11865","title":{"rendered":"Whey &#8211; Power Active"},"content":{"rendered":"[vc_row][vc_column offset=\u00bbvc_hidden-xs\u00bb][rev_slider_vc alias=\u00bbone-page\u00bb][vc_empty_space height=\u00bb60px\u00bb][\/vc_column][\/vc_row][vc_row css=\u00bb.vc_custom_1549462883135{padding-bottom: 75px !important;}\u00bb][vc_column][vc_empty_space height=\u00bb60px\u00bb][\/vc_column][\/vc_row][vc_row css=\u00bb.vc_custom_1631260906631{padding-top: -100px !important;}\u00bb][vc_column width=\u00bb1\/2&#8243;][vc_single_image image=\u00bb11817&#8243; img_size=\u00bbfull\u00bb alignment=\u00bbcenter\u00bb el_id=\u00bbWheyPAIMG\u00bb][\/vc_column][vc_column width=\u00bb1\/2&#8243;][vc_empty_space height=\u00bb60px\u00bb][vc_column_text css=\u00bb.vc_custom_1631264551125{padding-right: 10% !important;padding-left: 10% !important;}\u00bb]<span style=\"color: #000000;\">Cuando entrenas, sometes a tus m\u00fasculos a mucho estr\u00e9s. Por lo que lo mejor que puedes hacer es ayudarlos a que se regeneren.\u00a0Nuestra <strong>prote\u00edna Whey<\/strong> contiene la f\u00f3rmula perfecta para que tus m\u00fasculos lo consigan. Lo tomes cuando lo tomes, est\u00e1 delicioso.<\/span>[\/vc_column_text][vc_images_carousel images=\u00bb11858,11859&#8243; img_size=\u00bbfull\u00bb onclick=\u00bblink_no\u00bb slides_per_view=\u00bb2&#8243; hide_pagination_control=\u00bbyes\u00bb hide_prev_next_buttons=\u00bbyes\u00bb css_animation=\u00bbfadeIn\u00bb css=\u00bb.vc_custom_1631524930380{margin-right: 15% !important;margin-left: 15% !important;}\u00bb][\/vc_column][\/vc_row][vc_row css=\u00bb.vc_custom_1549462883135{padding-bottom: 75px !important;}\u00bb][vc_column width=\u00bb1\/3&#8243; css=\u00bb.vc_custom_1631522469373{padding-right: 5% !important;padding-left: 5% !important;}\u00bb][vc_empty_space height=\u00bb90px\u00bb][vc_single_image image=\u00bb11897&#8243; img_size=\u00bb100&#215;100&#8243; alignment=\u00bbcenter\u00bb]<h3 class=\"frgn-element frgn-title frgn-align-inherit frgn-h3\" style=\"\"><span>\n<h2 style=\"text-align: center;\">80g POR ENVASE<\/h2>\n<\/span><\/h3>[vc_column_text]Las prote\u00ednas son los pilares fundamentales de la vida. Cada c\u00e9lula del cuerpo humano las contiene. La estructura b\u00e1sica de la prote\u00edna es una cadena de amino\u00e1cidos. Es necesario consumir prote\u00ednas en la dieta para ayudarle al cuerpo a reparar c\u00e9lulas y producir c\u00e9lulas nuevas.[\/vc_column_text][\/vc_column][vc_column width=\u00bb1\/3&#8243; css=\u00bb.vc_custom_1631522475766{padding-right: 5% !important;padding-left: 5% !important;}\u00bb][vc_empty_space height=\u00bb90px\u00bb][vc_single_image image=\u00bb11896&#8243; img_size=\u00bb100&#215;100&#8243; alignment=\u00bbcenter\u00bb]<h3 class=\"frgn-element frgn-title frgn-align-inherit frgn-h3\" style=\"\"><span>\n<h2 style=\"text-align: center;\"><strong>PROTEINA ISOLATED<\/strong><\/h2>\n<\/span><\/h3>[vc_column_text]La prote\u00edna isolate tiene una concentraci\u00f3n del 90 %. Se consigue eliminando las grasas y los carbohidratos. Estas prote\u00ednas aportan a tu cuerpo todos los amino\u00e1cidos esenciales, se digiere f\u00e1cilmente y te ayuda a fortalecer la masa muscular. Ayuda a quemar grasa y aumentar masa muscular.[\/vc_column_text][\/vc_column][vc_column width=\u00bb1\/3&#8243; css=\u00bb.vc_custom_1631522481382{padding-right: 5% !important;padding-left: 5% !important;}\u00bb][vc_empty_space height=\u00bb90px\u00bb][vc_single_image image=\u00bb11898&#8243; img_size=\u00bb100&#215;100&#8243; alignment=\u00bbcenter\u00bb]<h3 class=\"frgn-element frgn-title frgn-align-inherit frgn-h3\" style=\"\"><span>\n<h2 style=\"text-align: center;\">BCAs 2:1:1<\/h2>\n<\/span><\/h3>[vc_column_text]Los BCAA ser\u00edan los amino\u00e1cidos esenciales de cadena ramificada (leucina, isoleucina y valina), cuya funci\u00f3n es mantener el tejido muscular y prevenir la degradaci\u00f3n prote\u00edca muscular. Mejoran el rendimiento deportivo y reducen los s\u00edntomas de dolor muscular despu\u00e9s de entrenar.[\/vc_column_text][\/vc_column][\/vc_row][vc_row][vc_column][vc_separator][\/vc_column][\/vc_row][vc_row full_width=\u00bbstretch_row_content\u00bb el_class=\u00bbuppercase\u00bb css=\u00bb.vc_custom_1631548170118{padding-right: 15% !important;padding-left: 15% !important;}\u00bb][vc_column width=\u00bb1\/2&#8243;][vc_single_image image=\u00bb11782&#8243; img_size=\u00bbfull\u00bb alignment=\u00bbcenter\u00bb][\/vc_column][vc_column width=\u00bb1\/2&#8243;]<h3 class=\"frgn-element frgn-title frgn-align-inherit frgn-h3\" style=\"\"><span>\n<h2 style=\"text-align: left;\">CHOCOLATE<\/h2>\n<\/span><\/h3>[vc_tta_tabs shape=\u00bbsquare\u00bb color=\u00bbwhite\u00bb spacing=\u00bb10&#8243; active_section=\u00bb1&#8243; no_fill_content_area=\u00bbtrue\u00bb css=\u00bb.vc_custom_1631634230800{background-color: #ffffff !important;}\u00bb][vc_tta_section title=\u00bbINGREDIENTES\u00bb tab_id=\u00bb1631634168385-03e4145e-1744&#8243;][vc_column_text]<strong>BEBIDA UHT CON ALTO CONTENIDO EN PROTE\u00cdNA CON SABOR A CHOCOLATE Y CON EDULCORANTES. <\/strong><\/p>\n<p><strong>INGREDIENTES:<\/strong> Agua, prote\u00edna de <strong>LECHE<\/strong>, <strong>LECHE<\/strong> en polvo desnatada, cacao desgrasado en polvo (2%), emulgente (lecitina de girasol), sal, estabilizantes (carragenanos, goma de xantana y goma de guar), aromas y edulcorantes (acesulfamo K y sucralosa)<\/p>\n<p><strong>MODO DE EMPLEO:<\/strong> Listo para beber. Agitar bien antes de abrir. Este producto no debe sustituir una alimentaci\u00f3n variada y equilibrada ni un estilo de vida saludable. Mantener fuera del alcance de los ni\u00f1os m\u00e1s peque\u00f1os. Conservar en el envase original, en un lugar fresco y seco, evitando el calor excesivo, la humedad y la luz solar directa. Una vez abierto, guardar en la nevera y consumir antes de 3 d\u00edas. Aseg\u00farese de que el recipiente est\u00e1 cerrado correctamente.[\/vc_column_text][\/vc_tta_section][vc_tta_section title=\u00bbTABLA NUTRICIONAL\u00bb tab_id=\u00bb1631634168433-61485776-6e60&#8243;][vc_column_text]\n<table style=\"border-collapse: collapse; width: 100%;\" border=\"0\" width=\"348\" cellspacing=\"0\" cellpadding=\"0\">\n<tbody>\n<tr style=\"height: 16.0pt;\">\n<td class=\"xl65\" style=\"height: 16.0pt; width: 260pt;\" colspan=\"4\" width=\"348\" height=\"21\"><strong>NUTRITIONAL INFORMATION<\/strong><\/td>\n<\/tr>\n<tr style=\"height: 16.0pt;\">\n<td class=\"xl65\" style=\"height: 16.0pt;\" colspan=\"2\" height=\"21\"><strong>AVERAGE VALUES<\/strong><\/td>\n<td class=\"xl65\"><strong>PER 100ML<\/strong><\/td>\n<td class=\"xl65\"><strong>PER 330ML<\/strong><\/td>\n<\/tr>\n<tr style=\"height: 16.0pt;\">\n<td class=\"xl66\" style=\"height: 16.0pt;\" colspan=\"2\" height=\"21\">ENERGY (KCAL\/KJ)<\/td>\n<td class=\"xl66\">47\/198<\/td>\n<td class=\"xl66\">156\/652<\/td>\n<\/tr>\n<tr style=\"height: 16.0pt;\">\n<td class=\"xl66\" style=\"height: 16.0pt;\" colspan=\"2\" height=\"21\">FATS<\/td>\n<td class=\"xl66\">0,5g<\/td>\n<td class=\"xl66\">1,7g<\/td>\n<\/tr>\n<tr style=\"height: 16.0pt;\">\n<td class=\"xl66\" style=\"height: 16.0pt;\" colspan=\"2\" height=\"21\">SATURATED<\/td>\n<td class=\"xl66\">0,3g<\/td>\n<td class=\"xl66\">1,0g<\/td>\n<\/tr>\n<tr style=\"height: 16.0pt;\">\n<td class=\"xl66\" style=\"height: 16.0pt;\" colspan=\"2\" height=\"21\">MONOUNSATURATED<\/td>\n<td class=\"xl66\">0,1g<\/td>\n<td class=\"xl66\">0,3g<\/td>\n<\/tr>\n<tr style=\"height: 16.0pt;\">\n<td class=\"xl66\" style=\"height: 16.0pt;\" colspan=\"2\" height=\"21\">POLYUNSATURATED<\/td>\n<td class=\"xl66\">0,1g<\/td>\n<td class=\"xl66\">0,3g<\/td>\n<\/tr>\n<tr style=\"height: 16.0pt;\">\n<td class=\"xl66\" style=\"height: 16.0pt;\" colspan=\"2\" height=\"21\">CARBOHYDRATES<\/td>\n<td class=\"xl66\">2,5g<\/td>\n<td class=\"xl66\">8,3g<\/td>\n<\/tr>\n<tr style=\"height: 16.0pt;\">\n<td class=\"xl66\" style=\"height: 16.0pt;\" colspan=\"2\" height=\"21\">SUGARS<\/td>\n<td class=\"xl66\">2,2g<\/td>\n<td class=\"xl66\">7,3g<\/td>\n<\/tr>\n<tr style=\"height: 16.0pt;\">\n<td class=\"xl66\" style=\"height: 16.0pt;\" colspan=\"2\" height=\"21\">PROTEINS<\/td>\n<td class=\"xl66\">8g<\/td>\n<td class=\"xl66\">26,4g<\/td>\n<\/tr>\n<tr style=\"height: 16.0pt;\">\n<td class=\"xl66\" style=\"height: 16.0pt;\" colspan=\"2\" height=\"21\">FIBER<\/td>\n<td class=\"xl66\">0,6g<\/td>\n<td class=\"xl66\">2g<\/td>\n<\/tr>\n<tr style=\"height: 16.0pt;\">\n<td class=\"xl66\" style=\"height: 16.0pt;\" colspan=\"2\" height=\"21\">SALT<\/td>\n<td class=\"xl66\">0,2g<\/td>\n<td class=\"xl66\">0,66g<\/td>\n<\/tr>\n<\/tbody>\n<\/table>\n[\/vc_column_text][\/vc_tta_section][vc_tta_section title=\u00bbAMINOGRAMA\u00bb tab_id=\u00bb1631634267336-04b90798-38c3&#8243;][vc_column_text]\n<table width=\"100%\">\n<tbody>\n<tr>\n<td colspan=\"4\" width=\"348\"><strong>AMINOGRAM<\/strong><\/td>\n<\/tr>\n<tr>\n<td colspan=\"2\"><strong>AVERAGE VALUES<\/strong><\/td>\n<td><strong>PER 100ML<\/strong><\/td>\n<td><strong>PER 330ML<\/strong><\/td>\n<\/tr>\n<tr>\n<td colspan=\"2\">ALANINE<\/td>\n<td>187mg<\/td>\n<td>617mg<\/td>\n<\/tr>\n<tr>\n<td colspan=\"2\">ARGININE<\/td>\n<td>210mg<\/td>\n<td>693mg<\/td>\n<\/tr>\n<tr>\n<td colspan=\"2\">ASPARTIC ACID<\/td>\n<td>445mg<\/td>\n<td>1469mg<\/td>\n<\/tr>\n<tr>\n<td colspan=\"2\">CYSTEINE<\/td>\n<td>38mg<\/td>\n<td>125mg<\/td>\n<\/tr>\n<tr>\n<td colspan=\"2\">GLUTAMIC ACID<\/td>\n<td>154mg<\/td>\n<td>508mg<\/td>\n<\/tr>\n<tr>\n<td colspan=\"2\">GLYCIDINE<\/td>\n<td>1261mg<\/td>\n<td>4161mg<\/td>\n<\/tr>\n<tr>\n<td colspan=\"2\">HISTIDINE<\/td>\n<td>\u00a0102mg<\/td>\n<td>337mg<\/td>\n<\/tr>\n<tr>\n<td colspan=\"2\">ISOLEUCINE<\/td>\n<td>289mg<\/td>\n<td>954mg<\/td>\n<\/tr>\n<tr>\n<td colspan=\"2\">LEUCINE<\/td>\n<td>574mg<\/td>\n<td>1894mg<\/td>\n<\/tr>\n<tr>\n<td colspan=\"2\">LYSINE<\/td>\n<td>486mg<\/td>\n<td>1604mg<\/td>\n<\/tr>\n<tr>\n<td colspan=\"2\">METHIONINE<\/td>\n<td>152mg<\/td>\n<td>502mg<\/td>\n<\/tr>\n<tr>\n<td colspan=\"2\">PHENYLALANINE<\/td>\n<td>271mg<\/td>\n<td>894mg<\/td>\n<\/tr>\n<tr>\n<td colspan=\"2\">PROLINE<\/td>\n<td>553mg<\/td>\n<td>1825mg<\/td>\n<\/tr>\n<tr>\n<td colspan=\"2\">SERINE<\/td>\n<td>322mg<\/td>\n<td>1063mg<\/td>\n<\/tr>\n<tr>\n<td colspan=\"2\">THREONINE<\/td>\n<td>249mg<\/td>\n<td>822mg<\/td>\n<\/tr>\n<tr>\n<td colspan=\"2\">TRYPTOPHAN<\/td>\n<td>73mg<\/td>\n<td>241mg<\/td>\n<\/tr>\n<tr>\n<td colspan=\"2\">TYROSINE<\/td>\n<td>290mg<\/td>\n<td>957mg<\/td>\n<\/tr>\n<tr>\n<td colspan=\"2\">VALINE<\/td>\n<td>352mg<\/td>\n<td>1162mg<\/td>\n<\/tr>\n<\/tbody>\n<\/table>\n[\/vc_column_text][\/vc_tta_section][\/vc_tta_tabs][\/vc_column][\/vc_row][vc_row][vc_column][vc_separator][\/vc_column][\/vc_row][vc_row full_width=\u00bbstretch_row_content\u00bb el_class=\u00bbuppercase\u00bb css=\u00bb.vc_custom_1631548170118{padding-right: 15% !important;padding-left: 15% !important;}\u00bb][vc_column width=\u00bb1\/2&#8243;]<h3 class=\"frgn-element frgn-title frgn-align-inherit frgn-h3\" style=\"\"><span>\n<h2 style=\"text-align: left;\">VAINILLA<\/h2>\n<\/span><\/h3>[vc_tta_tabs shape=\u00bbsquare\u00bb color=\u00bbwhite\u00bb spacing=\u00bb10&#8243; active_section=\u00bb1&#8243; no_fill_content_area=\u00bbtrue\u00bb css=\u00bb.vc_custom_1631634230800{background-color: #ffffff !important;}\u00bb][vc_tta_section title=\u00bbINGREDIENTES\u00bb tab_id=\u00bb1631634297032-80eea7ce-ed12&#8243;][vc_column_text]<strong>BEBIDA UHT CON ALTO CONTENIDO EN PROTE\u00cdNA CON SABOR A VAINILLA Y CON EDULCORANTES. <\/strong><\/p>\n<p><strong>INGREDIENTES:<\/strong> Agua, prote\u00edna de <strong>LECHE<\/strong>, <strong>LECHE<\/strong> en polvo desnatada, emulgente (lecitina de girasol), sal, estabilizantes (carragenanos, goma de xantana y goma de guar), colorante (beta-caroteno), aromas y edulcorantes (acesulfamo K y sucralosa)<\/p>\n<p><strong>MODO DE EMPLEO:<\/strong> Listo para beber. Agitar bien antes de abrir. Este producto no debe sustituir una alimentaci\u00f3n variada y equilibrada ni un estilo de vida saludable. Mantener fuera del alcance de los ni\u00f1os m\u00e1s peque\u00f1os. Conservar en el envase original, en un lugar fresco y seco, evitando el calor excesivo, la humedad y la luz solar directa. Una vez abierto, guardar en la nevera y consumir antes de 3 d\u00edas. Aseg\u00farese de que el recipiente est\u00e1 cerrado correctamente.[\/vc_column_text][\/vc_tta_section][vc_tta_section title=\u00bbTABLA NUTRICIONAL\u00bb tab_id=\u00bb1631634297113-570cfd42-bc95&#8243;][vc_column_text]\n<table width=\"100%\">\n<tbody>\n<tr>\n<td colspan=\"4\" width=\"348\"><strong>NUTRITIONAL INFORMATION<\/strong><\/td>\n<\/tr>\n<tr>\n<td colspan=\"2\"><strong>AVERAGE VALUES<\/strong><\/td>\n<td><strong>PER 100ML<\/strong><\/td>\n<td><strong>PER 330ML<\/strong><\/td>\n<\/tr>\n<tr>\n<td colspan=\"2\">ENERGY (KCAL\/KJ)<\/td>\n<td>43 \/ 179<\/td>\n<td>142 \/ 591<\/td>\n<\/tr>\n<tr>\n<td colspan=\"2\">FATS<\/td>\n<td>0,3g<\/td>\n<td>1,0g<\/td>\n<\/tr>\n<tr>\n<td colspan=\"2\">SATURATED<\/td>\n<td>0,1g<\/td>\n<td>0,3g<\/td>\n<\/tr>\n<tr>\n<td colspan=\"2\">CARBOHYDRATES<\/td>\n<td>2,5g<\/td>\n<td>8,3g<\/td>\n<\/tr>\n<tr>\n<td colspan=\"2\">SUGARS<\/td>\n<td>2,2g<\/td>\n<td>7,3g<\/td>\n<\/tr>\n<tr>\n<td colspan=\"2\">PROTEINS<\/td>\n<td>8,0g<\/td>\n<td>26,4g<\/td>\n<\/tr>\n<tr>\n<td colspan=\"2\">SALT<\/td>\n<td>0,2g<\/td>\n<td>0,7g<\/td>\n<\/tr>\n<\/tbody>\n<\/table>\n[\/vc_column_text][\/vc_tta_section][vc_tta_section title=\u00bbAMINOGRAMA\u00bb tab_id=\u00bb1631634297222-bbe3f236-333d\u00bb][vc_column_text]\n<table style=\"border-collapse: collapse; width: 100%;\" border=\"0\" width=\"100%\" cellspacing=\"0\" cellpadding=\"0\">\n<tbody>\n<tr style=\"height: 16.0pt;\">\n<td class=\"xl67\" style=\"height: 16.0pt; width: 260pt;\" colspan=\"4\" width=\"348\" height=\"21\"><strong>AMINOGRAM<\/strong><\/td>\n<\/tr>\n<tr style=\"height: 16.0pt;\">\n<td class=\"xl67\" style=\"height: 16.0pt;\" colspan=\"2\" height=\"21\"><strong>AVERAGE VALUES<\/strong><\/td>\n<td class=\"xl67\"><strong>PER 100ML<\/strong><\/td>\n<td class=\"xl67\"><strong>PER 330ML<\/strong><\/td>\n<\/tr>\n<tr style=\"height: 16.0pt;\">\n<td class=\"xl66\" style=\"height: 16.0pt;\" colspan=\"2\" height=\"21\">ALANINE<\/td>\n<td class=\"xl66\">201mg<\/td>\n<td class=\"xl65\">663mg<\/td>\n<\/tr>\n<tr style=\"height: 16.0pt;\">\n<td class=\"xl66\" style=\"height: 16.0pt;\" colspan=\"2\" height=\"21\">ARGININE<\/td>\n<td class=\"xl66\">226mg<\/td>\n<td class=\"xl65\">744mg<\/td>\n<\/tr>\n<tr style=\"height: 16.0pt;\">\n<td class=\"xl66\" style=\"height: 16.0pt;\" colspan=\"2\" height=\"21\">ASPARTIC ACID<\/td>\n<td class=\"xl66\">477mg<\/td>\n<td class=\"xl65\">1575mg<\/td>\n<\/tr>\n<tr style=\"height: 16.0pt;\">\n<td class=\"xl66\" style=\"height: 16.0pt;\" colspan=\"2\" height=\"21\">CYSTEINE<\/td>\n<td class=\"xl66\">41mg<\/td>\n<td class=\"xl65\">136mg<\/td>\n<\/tr>\n<tr style=\"height: 16.0pt;\">\n<td class=\"xl66\" style=\"height: 16.0pt;\" colspan=\"2\" height=\"21\">GLUTAMIC ACID<\/td>\n<td class=\"xl66\">166mg<\/td>\n<td class=\"xl65\">546mg<\/td>\n<\/tr>\n<tr style=\"height: 16.0pt;\">\n<td class=\"xl66\" style=\"height: 16.0pt;\" colspan=\"2\" height=\"21\">GLYCIDINE<\/td>\n<td class=\"xl66\">1352mg<\/td>\n<td class=\"xl65\">4460mg<\/td>\n<\/tr>\n<tr style=\"height: 16.0pt;\">\n<td class=\"xl66\" style=\"height: 16.0pt;\" colspan=\"2\" height=\"21\">HISTIDINE<\/td>\n<td class=\"xl66\">110mg<\/td>\n<td class=\"xl65\">361mg<\/td>\n<\/tr>\n<tr style=\"height: 16.0pt;\">\n<td class=\"xl66\" style=\"height: 16.0pt;\" colspan=\"2\" height=\"21\">ISOLEUCINE<\/td>\n<td class=\"xl66\">310mg<\/td>\n<td class=\"xl65\">1022mg<\/td>\n<\/tr>\n<tr style=\"height: 16.0pt;\">\n<td class=\"xl66\" style=\"height: 16.0pt;\" colspan=\"2\" height=\"21\">LEUCINE<\/td>\n<td class=\"xl66\">615mg<\/td>\n<td class=\"xl65\">2030mg<\/td>\n<\/tr>\n<tr style=\"height: 16.0pt;\">\n<td class=\"xl66\" style=\"height: 16.0pt;\" colspan=\"2\" height=\"21\">LYSINE<\/td>\n<td class=\"xl66\">521mg<\/td>\n<td class=\"xl65\">1720mg<\/td>\n<\/tr>\n<tr style=\"height: 16.0pt;\">\n<td class=\"xl66\" style=\"height: 16.0pt;\" colspan=\"2\" height=\"21\">METHIONINE<\/td>\n<td class=\"xl66\">164mg<\/td>\n<td class=\"xl65\">540mg<\/td>\n<\/tr>\n<tr style=\"height: 16.0pt;\">\n<td class=\"xl66\" style=\"height: 16.0pt;\" colspan=\"2\" height=\"21\">PHENYLALANINE<\/td>\n<td class=\"xl66\">290mg<\/td>\n<td class=\"xl65\">957mg<\/td>\n<\/tr>\n<tr style=\"height: 16.0pt;\">\n<td class=\"xl66\" style=\"height: 16.0pt;\" colspan=\"2\" height=\"21\">PROLINE<\/td>\n<td class=\"xl66\">593mg<\/td>\n<td class=\"xl65\">1956mg<\/td>\n<\/tr>\n<tr style=\"height: 16.0pt;\">\n<td class=\"xl66\" style=\"height: 16.0pt;\" colspan=\"2\" height=\"21\">SERINE<\/td>\n<td class=\"xl66\">345mg<\/td>\n<td class=\"xl65\">1139mg<\/td>\n<\/tr>\n<tr style=\"height: 16.0pt;\">\n<td class=\"xl66\" style=\"height: 16.0pt;\" colspan=\"2\" height=\"21\">THREONINE<\/td>\n<td class=\"xl66\">267mg<\/td>\n<td class=\"xl65\">880mg<\/td>\n<\/tr>\n<tr style=\"height: 16.0pt;\">\n<td class=\"xl66\" style=\"height: 16.0pt;\" colspan=\"2\" height=\"21\">TRYPTOPHAN<\/td>\n<td class=\"xl66\">79mg<\/td>\n<td class=\"xl65\">259mg<\/td>\n<\/tr>\n<tr style=\"height: 16.0pt;\">\n<td class=\"xl66\" style=\"height: 16.0pt;\" colspan=\"2\" height=\"21\">TYROSINE<\/td>\n<td class=\"xl66\">311mg<\/td>\n<td class=\"xl65\">1027mg<\/td>\n<\/tr>\n<tr style=\"height: 16.0pt;\">\n<td class=\"xl66\" style=\"height: 16.0pt;\" colspan=\"2\" height=\"21\">VALINE<\/td>\n<td class=\"xl66\">377mg<\/td>\n<td class=\"xl65\">1243mg<\/td>\n<\/tr>\n<\/tbody>\n<\/table>\n[\/vc_column_text][\/vc_tta_section][\/vc_tta_tabs][\/vc_column][vc_column width=\u00bb1\/2&#8243;][vc_single_image image=\u00bb11781&#8243; img_size=\u00bbfull\u00bb alignment=\u00bbcenter\u00bb][\/vc_column][\/vc_row][vc_row full_width=\u00bbstretch_row_content\u00bb el_class=\u00bbuppercase\u00bb css=\u00bb.vc_custom_1550327652736{padding-bottom: 15px !important;}\u00bb][vc_column width=\u00bb1\/2&#8243; css=\u00bb.vc_custom_1549640225085{padding-right: 7px !important;}\u00bb]<div id=\"ultib3-281217885569e3faea34d35\" class=\" vc_custom_1631698448834 ultb3-box ult-adjust-bottom-margin  ultb3-hover-5\" style=\"\"><img src=\"https:\/\/poweractive.es\/wp-content\/uploads\/2021\/09\/josh-nuttall-uNQ-TTg_qNY-unsplash-scaled.jpg\" style=\"\" class=\"ultb3-img ultb3-img-center\" alt=\"null\"\/><div id=\"Info-banner-wrap9084\" class=\"ultb3-info ib3-info-center\" data-animation=\"\" data-animation-delay=\"03\"><h2 class=\"ultb3-title ult-responsive\"  data-ultimate-target='#Info-banner-wrap9084 .ultb3-title'  data-responsive-json-new='{\"font-size\":\"desktop:80px;tablet:50px;tablet_portrait:25px;mobile_landscape:25px;\",\"line-height\":\"\"}'  style=\"font-weight:bold;color:#ffffff;\">WHEY<\/h2><div class=\"ultb3-desc ult-responsive\"  data-ultimate-target='#Info-banner-wrap9084 .ultb3-desc'  data-responsive-json-new='{\"font-size\":\"\",\"line-height\":\"\"}'  style=\"font-weight:normal;color:#ffffff;\">ISOLATED PROTEIN<\/div><a href=\"https:\/\/poweractive.es\/?page_id=11865\" title=\"Whey \u2013 Power Active\"  class=\"ultb3-btn ult-responsive\"  data-ultimate-target='#Info-banner-wrap9084 .ultb3-btn'  data-responsive-json-new='{\"font-size\":\"\",\"line-height\":\"\"}'  style=\"font-weight:normal;\">SABER M\u00c1S<i class=\"Defaults-angle-right\"><\/i><\/a><\/div><\/div><style>\r\n\t\t\t\t\t#ultib3-281217885569e3faea34d35 {\r\n\t\t\t\t\t\tmin-height:500px;\r\n\t\t\t\t\t}\r\n\t\t\t\t\t#ultib3-281217885569e3faea34d35 img.ultb3-img {\r\n\t\t\t\t\t\theight: 600px;\r\n\t\t\t\t\t}\r\n\t\t\t\t\t#ultib3-281217885569e3faea34d35 .ultb3-btn {\r\n\t\t\t\t\t\tborder:0px solid #0098ba;border-radius:0px;color:#ffffff;\r\n\t\t\t\t\t}\r\n\t\t\t\t\t#ultib3-281217885569e3faea34d35 .ultb3-btn:hover {\r\n\t\t\t\t\t\tbackground:#0098ba;color:#ffffff;\r\n\t\t\t\t\t}\r\n\t\t\t\t<\/style><style>\r\n\t\t\t\t\t\t@media (min-width: 1824px) {\r\n\t\t\t\t\t\t\t #ultib3-281217885569e3faea34d35 img.ultb3-img {\r\n\t\t\t\t\t\t\t\theight:700px;\r\n\t\t\t\t\t\t\t}\r\n\t\t\t\t\t\t}\r\n\t\t\t\t\t<\/style>[\/vc_column][vc_column width=\u00bb1\/2&#8243; css=\u00bb.vc_custom_1549640211764{padding-left: 7px !important;}\u00bb]<div id=\"ultib3-234404028169e3faea34fec\" class=\" vc_custom_1631698458933 ultb3-box ult-adjust-bottom-margin  ultb3-hover-5\" style=\"\"><img src=\"https:\/\/poweractive.es\/wp-content\/uploads\/2021\/07\/sven-mieke-jO6vBWX9h9Y-unsplash-1-LOW.jpg\" style=\"\" class=\"ultb3-img ultb3-img-center\" alt=\"null\"\/><div id=\"Info-banner-wrap2552\" class=\"ultb3-info ib3-info-center\" data-animation=\"\" data-animation-delay=\"03\"><h2 class=\"ultb3-title ult-responsive\"  data-ultimate-target='#Info-banner-wrap2552 .ultb3-title'  data-responsive-json-new='{\"font-size\":\"desktop:80px;tablet:50px;tablet_portrait:25px;mobile_landscape:25px;\",\"line-height\":\"\"}'  style=\"font-weight:bold;color:#ffffff;\">VEGAN<\/h2><div class=\"ultb3-desc ult-responsive\"  data-ultimate-target='#Info-banner-wrap2552 .ultb3-desc'  data-responsive-json-new='{\"font-size\":\"\",\"line-height\":\"\"}'  style=\"font-weight:normal;color:#ffffff;\">ISOLATED PROTEIN<\/div><a href=\"https:\/\/poweractive.es\/?page_id=11914\" title=\"Vegan \u2013 Power Active\"  class=\"ultb3-btn ult-responsive\"  data-ultimate-target='#Info-banner-wrap2552 .ultb3-btn'  data-responsive-json-new='{\"font-size\":\"\",\"line-height\":\"\"}'  style=\"font-weight:normal;\">SABER M\u00c1S<i class=\"Defaults-angle-right\"><\/i><\/a><\/div><\/div><style>\r\n\t\t\t\t\t#ultib3-234404028169e3faea34fec {\r\n\t\t\t\t\t\tmin-height:500px;\r\n\t\t\t\t\t}\r\n\t\t\t\t\t#ultib3-234404028169e3faea34fec img.ultb3-img {\r\n\t\t\t\t\t\theight: 600px;\r\n\t\t\t\t\t}\r\n\t\t\t\t\t#ultib3-234404028169e3faea34fec .ultb3-btn {\r\n\t\t\t\t\t\tborder:0px solid #a8cb00;border-radius:0px;color:#ffffff;\r\n\t\t\t\t\t}\r\n\t\t\t\t\t#ultib3-234404028169e3faea34fec .ultb3-btn:hover {\r\n\t\t\t\t\t\tbackground:#a8cb00;color:#ffffff;\r\n\t\t\t\t\t}\r\n\t\t\t\t<\/style><style>\r\n\t\t\t\t\t\t@media (min-width: 1824px) {\r\n\t\t\t\t\t\t\t #ultib3-234404028169e3faea34fec img.ultb3-img {\r\n\t\t\t\t\t\t\t\theight:700px;\r\n\t\t\t\t\t\t\t}\r\n\t\t\t\t\t\t}\r\n\t\t\t\t\t<\/style>[\/vc_column][\/vc_row][vc_row full_width=\u00bbstretch_row_content\u00bb css=\u00bb.vc_custom_1631694940725{border-left-width: 5% !important;padding-right: 5% !important;background-color: #000000 !important;border-left-color: #000000 !important;}\u00bb][vc_column width=\u00bb4\/6&#8243;][vc_empty_space height=\u00bb25px\u00bb][vc_column_text]<span style=\"color: #ffffff;\">Contacto | Preguntas de cocina | Mapa web | \u00danete al equipo | Aviso legal | Pol\u00edtica de cookies | Pol\u00edtica de privacidad<\/span>[\/vc_column_text][\/vc_column][vc_column width=\u00bb1\/6&#8243;][vc_empty_space height=\u00bb25px\u00bb][vc_column_text]<span style=\"color: #ffffff;\">2021 \u00ae PowerActive<\/span>[\/vc_column_text][\/vc_column][vc_column width=\u00bb1\/6&#8243;][vc_empty_space height=\u00bb10px\u00bb][vc_single_image image=\u00bb11788&#8243; img_size=\u00bbfull\u00bb alignment=\u00bbcenter\u00bb][\/vc_column][\/vc_row]\n","protected":false},"excerpt":{"rendered":"<p>[vc_row][vc_column offset=\u00bbvc_hidden-xs\u00bb][rev_slider_vc alias=\u00bbone-page\u00bb][vc_empty_space height=\u00bb60px\u00bb][\/vc_column][\/vc_row][vc_row css=\u00bb.vc_custom_1549462883135{padding-bottom: 75px !important;}\u00bb][vc_column][vc_empty_space height=\u00bb60px\u00bb][\/vc_column][\/vc_row][vc_row css=\u00bb.vc_custom_1631260906631{padding-top: -100px !important;}\u00bb][vc_column width=\u00bb1\/2&#8243;][vc_single_image image=\u00bb11817&#8243; img_size=\u00bbfull\u00bb alignment=\u00bbcenter\u00bb el_id=\u00bbWheyPAIMG\u00bb][\/vc_column][vc_column width=\u00bb1\/2&#8243;][vc_empty_space height=\u00bb60px\u00bb][vc_column_text css=\u00bb.vc_custom_1631264551125{padding-right: 10% !important;padding-left: 10% !important;}\u00bb]Cuando entrenas, sometes a tus m\u00fasculos a mucho estr\u00e9s. Por lo que lo mejor que puedes hacer es ayudarlos a que se regeneren.\u00a0Nuestra prote\u00edna Whey contiene la f\u00f3rmula perfecta para que tus m\u00fasculos [&hellip;]<\/p>\n","protected":false},"author":1,"featured_media":0,"parent":0,"menu_order":0,"comment_status":"closed","ping_status":"closed","template":"page-fullwidth.php","meta":[],"_links":{"self":[{"href":"https:\/\/poweractive.es\/index.php?rest_route=\/wp\/v2\/pages\/11865"}],"collection":[{"href":"https:\/\/poweractive.es\/index.php?rest_route=\/wp\/v2\/pages"}],"about":[{"href":"https:\/\/poweractive.es\/index.php?rest_route=\/wp\/v2\/types\/page"}],"author":[{"embeddable":true,"href":"https:\/\/poweractive.es\/index.php?rest_route=\/wp\/v2\/users\/1"}],"replies":[{"embeddable":true,"href":"https:\/\/poweractive.es\/index.php?rest_route=%2Fwp%2Fv2%2Fcomments&post=11865"}],"version-history":[{"count":46,"href":"https:\/\/poweractive.es\/index.php?rest_route=\/wp\/v2\/pages\/11865\/revisions"}],"predecessor-version":[{"id":12145,"href":"https:\/\/poweractive.es\/index.php?rest_route=\/wp\/v2\/pages\/11865\/revisions\/12145"}],"wp:attachment":[{"href":"https:\/\/poweractive.es\/index.php?rest_route=%2Fwp%2Fv2%2Fmedia&parent=11865"}],"curies":[{"name":"wp","href":"https:\/\/api.w.org\/{rel}","templated":true}]}}