{"id":11745,"date":"2019-01-18T15:59:39","date_gmt":"2019-01-18T15:59:39","guid":{"rendered":"http:\/\/chelsey.fragrancetheme.com\/?page_id=9"},"modified":"2021-09-17T07:25:02","modified_gmt":"2021-09-17T07:25:02","slug":"demo-1","status":"publish","type":"page","link":"https:\/\/poweractive.es\/","title":{"rendered":"Main Home"},"content":{"rendered":"[vc_row][vc_column offset=\u00bbvc_hidden-xs\u00bb][rev_slider_vc alias=\u00bbmain_home\u00bb][vc_empty_space height=\u00bb60px\u00bb][\/vc_column][\/vc_row][vc_row css=\u00bb.vc_custom_1631264432570{padding-right: 10% !important;padding-left: 10% !important;}\u00bb][vc_column][vc_empty_space height=\u00bb60px\u00bb][vc_column_text]\n<h2 style=\"text-align: center;\"><span style=\"color: #eeb32f;\">POWER ACTIVE <\/span>\u00a1UNA REVOLUCI\u00d3N NECESARIA!<\/h2>\n<p style=\"text-align: center;\" align=\"center\"><strong>Nuestros batidos han sido<\/strong><strong> creados para personas que buscan un equilibrio perfecto entre nutrici\u00f3n, deporte y vida diaria.<\/strong><\/p>\n<h4 align=\"center\">AHORA TU ELIGES&#8230;<\/h4>\n[\/vc_column_text][vc_empty_space height=\u00bb60px\u00bb][\/vc_column][\/vc_row][vc_row][vc_column width=\u00bb1\/2&#8243;][vc_single_image image=\u00bb11794&#8243; img_size=\u00bbfull\u00bb alignment=\u00bbcenter\u00bb][vc_single_image image=\u00bb11817&#8243; img_size=\u00bbfull\u00bb alignment=\u00bbcenter\u00bb][vc_column_text css=\u00bb.vc_custom_1631264551125{padding-right: 10% !important;padding-left: 10% !important;}\u00bb]<span style=\"color: #000000;\">Cuando entrenas, sometes a tus m\u00fasculos a mucho estr\u00e9s. Por lo que lo mejor que puedes hacer es ayudarlos a que se regeneren.\u00a0Nuestra <strong>prote\u00edna Whey<\/strong> contiene la f\u00f3rmula perfecta para que tus m\u00fasculos lo consigan. Lo tomes cuando lo tomes, est\u00e1 delicioso.<\/span>[\/vc_column_text][vc_images_carousel images=\u00bb11858,11859&#8243; img_size=\u00bbfull\u00bb onclick=\u00bblink_no\u00bb slides_per_view=\u00bb2&#8243; hide_pagination_control=\u00bbyes\u00bb hide_prev_next_buttons=\u00bbyes\u00bb css_animation=\u00bbfadeIn\u00bb css=\u00bb.vc_custom_1631524930380{margin-right: 15% !important;margin-left: 15% !important;}\u00bb][\/vc_column][vc_column width=\u00bb1\/2&#8243;][vc_single_image image=\u00bb11795&#8243; img_size=\u00bbfull\u00bb alignment=\u00bbcenter\u00bb][vc_column_text css=\u00bb.vc_custom_1631264555556{padding-right: 10% !important;padding-left: 10% !important;}\u00bb]<span style=\"color: #000000;\">\u00a1Sin leche, no hay problema! Nuestra nueva <strong>Prote\u00edna Vegana<\/strong> es alta en prote\u00ednas y contiene una combinaci\u00f3n \u00fanica de prote\u00ednas <strong>100% de origen vegetal<\/strong>. Y eso no es todo, esta nueva receta garantiza una textura mejor y un sabor mejor. Porque reinventar la comida fitness es lo que mejor hacemos.<\/span>[\/vc_column_text][vc_single_image image=\u00bb11815&#8243; img_size=\u00bbfull\u00bb alignment=\u00bbcenter\u00bb][vc_images_carousel images=\u00bb11858,11859&#8243; img_size=\u00bbfull\u00bb onclick=\u00bblink_no\u00bb slides_per_view=\u00bb2&#8243; hide_pagination_control=\u00bbyes\u00bb hide_prev_next_buttons=\u00bbyes\u00bb css_animation=\u00bbfadeIn\u00bb css=\u00bb.vc_custom_1631524930380{margin-right: 15% !important;margin-left: 15% !important;}\u00bb][\/vc_column][\/vc_row][vc_row css=\u00bb.vc_custom_1549462883135{padding-bottom: 75px !important;}\u00bb][vc_column width=\u00bb1\/3&#8243; css=\u00bb.vc_custom_1631522469373{padding-right: 5% !important;padding-left: 5% !important;}\u00bb][vc_empty_space height=\u00bb90px\u00bb][vc_single_image image=\u00bb11897&#8243; img_size=\u00bb100&#215;100&#8243; alignment=\u00bbcenter\u00bb]<h3 class=\"frgn-element frgn-title frgn-align-inherit frgn-h3\" style=\"\"><span>\n<h2 style=\"text-align: center;\">80g POR ENVASE<\/h2>\n<\/span><\/h3>[vc_column_text]Las prote\u00ednas son los pilares fundamentales de la vida. Cada c\u00e9lula del cuerpo humano las contiene. La estructura b\u00e1sica de la prote\u00edna es una cadena de amino\u00e1cidos. Es necesario consumir prote\u00ednas en la dieta para ayudarle al cuerpo a reparar c\u00e9lulas y producir c\u00e9lulas nuevas.[\/vc_column_text][\/vc_column][vc_column width=\u00bb1\/3&#8243; css=\u00bb.vc_custom_1631522475766{padding-right: 5% !important;padding-left: 5% !important;}\u00bb][vc_empty_space height=\u00bb90px\u00bb][vc_single_image image=\u00bb11896&#8243; img_size=\u00bb100&#215;100&#8243; alignment=\u00bbcenter\u00bb]<h3 class=\"frgn-element frgn-title frgn-align-inherit frgn-h3\" style=\"\"><span>\n<h2 style=\"text-align: center;\"><strong>PROTEINA ISOLATED<\/strong><\/h2>\n<\/span><\/h3>[vc_column_text]La prote\u00edna isolate tiene una concentraci\u00f3n del 90 %. Se consigue eliminando las grasas y los carbohidratos. Estas prote\u00ednas aportan a tu cuerpo todos los amino\u00e1cidos esenciales, se digiere f\u00e1cilmente y te ayuda a fortalecer la masa muscular. Ayuda a quemar grasa y aumentar masa muscular.[\/vc_column_text][\/vc_column][vc_column width=\u00bb1\/3&#8243; css=\u00bb.vc_custom_1631522481382{padding-right: 5% !important;padding-left: 5% !important;}\u00bb][vc_empty_space height=\u00bb90px\u00bb][vc_single_image image=\u00bb11898&#8243; img_size=\u00bb100&#215;100&#8243; alignment=\u00bbcenter\u00bb]<h3 class=\"frgn-element frgn-title frgn-align-inherit frgn-h3\" style=\"\"><span>\n<h2 style=\"text-align: center;\">BCAs 2:1:1<\/h2>\n<\/span><\/h3>[vc_column_text]Los BCAA ser\u00edan los amino\u00e1cidos esenciales de cadena ramificada (leucina, isoleucina y valina), cuya funci\u00f3n es mantener el tejido muscular y prevenir la degradaci\u00f3n prote\u00edca muscular. Mejoran el rendimiento deportivo y reducen los s\u00edntomas de dolor muscular despu\u00e9s de entrenar.[\/vc_column_text][\/vc_column][\/vc_row][vc_row full_width=\u00bbstretch_row_content\u00bb el_class=\u00bbuppercase\u00bb css=\u00bb.vc_custom_1550327652736{padding-bottom: 15px !important;}\u00bb][vc_column width=\u00bb1\/2&#8243; css=\u00bb.vc_custom_1549640225085{padding-right: 7px !important;}\u00bb]<div id=\"ultib3-256351285369f3844378854\" class=\" vc_custom_1631690884454 ultb3-box ult-adjust-bottom-margin  ultb3-hover-5\" style=\"\"><div class=\"ultb3-box-overlay\" style=\"background:rgba(255,255,255,0.01);\"><\/div><img src=\"https:\/\/poweractive.es\/wp-content\/uploads\/2021\/09\/josh-nuttall-uNQ-TTg_qNY-unsplash-scaled.jpg\" style=\"\" class=\"ultb3-img ultb3-img-center\" alt=\"null\"\/><div id=\"Info-banner-wrap6749\" class=\"ultb3-info ib3-info-center\" data-animation=\"\" data-animation-delay=\"03\"><h2 class=\"ultb3-title ult-responsive\"  data-ultimate-target='#Info-banner-wrap6749 .ultb3-title'  data-responsive-json-new='{\"font-size\":\"desktop:80px;tablet:50px;tablet_portrait:25px;mobile_landscape:25px;\",\"line-height\":\"\"}'  style=\"font-weight:bold;color:#ffffff;\">WHEY<\/h2><div class=\"ultb3-desc ult-responsive\"  data-ultimate-target='#Info-banner-wrap6749 .ultb3-desc'  data-responsive-json-new='{\"font-size\":\"\",\"line-height\":\"\"}'  style=\"font-weight:normal;color:#ffffff;\">ISOLATED PROTEIN<\/div><a href=\"https:\/\/poweractive.es\/?page_id=11865\" title=\"Whey \u2013 Power Active\"  class=\"ultb3-btn ult-responsive\"  data-ultimate-target='#Info-banner-wrap6749 .ultb3-btn'  data-responsive-json-new='{\"font-size\":\"\",\"line-height\":\"\"}'  style=\"font-weight:normal;\">SABER M\u00c1S<i class=\"Defaults-angle-right\"><\/i><\/a><\/div><\/div><style>\r\n\t\t\t\t\t#ultib3-256351285369f3844378854 {\r\n\t\t\t\t\t\tmin-height:500px;\r\n\t\t\t\t\t}\r\n\t\t\t\t\t#ultib3-256351285369f3844378854 img.ultb3-img {\r\n\t\t\t\t\t\theight: 600px;\r\n\t\t\t\t\t}\r\n\t\t\t\t\t#ultib3-256351285369f3844378854 .ultb3-btn {\r\n\t\t\t\t\t\tborder:0px solid #0098ba;border-radius:0px;color:#ffffff;\r\n\t\t\t\t\t}\r\n\t\t\t\t\t#ultib3-256351285369f3844378854 .ultb3-btn:hover {\r\n\t\t\t\t\t\tbackground:#0098ba;color:#ffffff;\r\n\t\t\t\t\t}\r\n\t\t\t\t<\/style><style>\r\n\t\t\t\t\t\t@media (min-width: 1824px) {\r\n\t\t\t\t\t\t\t #ultib3-256351285369f3844378854 img.ultb3-img {\r\n\t\t\t\t\t\t\t\theight:700px;\r\n\t\t\t\t\t\t\t}\r\n\t\t\t\t\t\t}\r\n\t\t\t\t\t<\/style>[\/vc_column][vc_column width=\u00bb1\/2&#8243; css=\u00bb.vc_custom_1549640211764{padding-left: 7px !important;}\u00bb]<div id=\"ultib3-196319168569f3844378aaa\" class=\" vc_custom_1631690871500 ultb3-box ult-adjust-bottom-margin  ultb3-hover-5\" style=\"\"><img src=\"https:\/\/poweractive.es\/wp-content\/uploads\/2021\/07\/sven-mieke-jO6vBWX9h9Y-unsplash-1-LOW.jpg\" style=\"\" class=\"ultb3-img ultb3-img-center\" alt=\"null\"\/><div id=\"Info-banner-wrap9407\" class=\"ultb3-info ib3-info-center\" data-animation=\"\" data-animation-delay=\"03\"><h2 class=\"ultb3-title ult-responsive\"  data-ultimate-target='#Info-banner-wrap9407 .ultb3-title'  data-responsive-json-new='{\"font-size\":\"desktop:80px;tablet:50px;tablet_portrait:25px;mobile_landscape:25px;\",\"line-height\":\"\"}'  style=\"font-weight:bold;color:#ffffff;\">VEGAN<\/h2><div class=\"ultb3-desc ult-responsive\"  data-ultimate-target='#Info-banner-wrap9407 .ultb3-desc'  data-responsive-json-new='{\"font-size\":\"\",\"line-height\":\"\"}'  style=\"font-weight:normal;color:#ffffff;\">ISOLATED PROTEIN<\/div><a href=\"https:\/\/poweractive.es\/?page_id=11914\"  class=\"ultb3-btn ult-responsive\"  data-ultimate-target='#Info-banner-wrap9407 .ultb3-btn'  data-responsive-json-new='{\"font-size\":\"\",\"line-height\":\"\"}'  style=\"font-weight:normal;\">SABER M\u00c1S<i class=\"Defaults-angle-right\"><\/i><\/a><\/div><\/div><style>\r\n\t\t\t\t\t#ultib3-196319168569f3844378aaa {\r\n\t\t\t\t\t\tmin-height:500px;\r\n\t\t\t\t\t}\r\n\t\t\t\t\t#ultib3-196319168569f3844378aaa img.ultb3-img {\r\n\t\t\t\t\t\theight: 600px;\r\n\t\t\t\t\t}\r\n\t\t\t\t\t#ultib3-196319168569f3844378aaa .ultb3-btn {\r\n\t\t\t\t\t\tborder:0px solid #a8cb00;border-radius:0px;color:#ffffff;\r\n\t\t\t\t\t}\r\n\t\t\t\t\t#ultib3-196319168569f3844378aaa .ultb3-btn:hover {\r\n\t\t\t\t\t\tbackground:#a8cb00;color:#ffffff;\r\n\t\t\t\t\t}\r\n\t\t\t\t<\/style><style>\r\n\t\t\t\t\t\t@media (min-width: 1824px) {\r\n\t\t\t\t\t\t\t #ultib3-196319168569f3844378aaa img.ultb3-img {\r\n\t\t\t\t\t\t\t\theight:700px;\r\n\t\t\t\t\t\t\t}\r\n\t\t\t\t\t\t}\r\n\t\t\t\t\t<\/style>[\/vc_column][\/vc_row][vc_row css=\u00bb.vc_custom_1549462883135{padding-bottom: 75px !important;}\u00bb][vc_column][vc_empty_space height=\u00bb60px\u00bb][\/vc_column][\/vc_row][vc_row full_width=\u00bbstretch_row_content\u00bb css=\u00bb.vc_custom_1631692600021{padding-right: 5% !important;padding-left: 5% !important;background-color: #000000 !important;}\u00bb][vc_column width=\u00bb4\/6&#8243;][vc_empty_space height=\u00bb25px\u00bb][vc_column_text]\n<p><span style=\"color: #ffffff;\">Contacto | Preguntas de cocina | Mapa web | \u00danete al equipo | Aviso legal | Pol\u00edtica de cookies | Pol\u00edtica de privacidad<\/span>[\/vc_column_text][\/vc_column][vc_column width=\u00bb1\/6&#8243;][vc_empty_space height=\u00bb25px\u00bb][vc_column_text]<span style=\"color: #ffffff;\">2021 \u00ae PowerActive<\/span>[\/vc_column_text][\/vc_column][vc_column width=\u00bb1\/6&#8243;][vc_empty_space height=\u00bb10px\u00bb][vc_single_image image=\u00bb11788&#8243; img_size=\u00bbfull\u00bb alignment=\u00bbcenter\u00bb][\/vc_column][\/vc_row]\n","protected":false},"excerpt":{"rendered":"<p>[vc_row][vc_column offset=\u00bbvc_hidden-xs\u00bb][rev_slider_vc alias=\u00bbmain_home\u00bb][vc_empty_space height=\u00bb60px\u00bb][\/vc_column][\/vc_row][vc_row css=\u00bb.vc_custom_1631264432570{padding-right: 10% !important;padding-left: 10% !important;}\u00bb][vc_column][vc_empty_space height=\u00bb60px\u00bb][vc_column_text] POWER ACTIVE \u00a1UNA REVOLUCI\u00d3N NECESARIA! Nuestros batidos han sido creados para personas que buscan un equilibrio perfecto entre nutrici\u00f3n, deporte y vida diaria. AHORA TU ELIGES&#8230; [\/vc_column_text][vc_empty_space height=\u00bb60px\u00bb][\/vc_column][\/vc_row][vc_row][vc_column width=\u00bb1\/2&#8243;][vc_single_image image=\u00bb11794&#8243; img_size=\u00bbfull\u00bb alignment=\u00bbcenter\u00bb][vc_single_image image=\u00bb11817&#8243; img_size=\u00bbfull\u00bb alignment=\u00bbcenter\u00bb][vc_column_text css=\u00bb.vc_custom_1631264551125{padding-right: 10% !important;padding-left: 10% !important;}\u00bb]Cuando entrenas, sometes a tus m\u00fasculos [&hellip;]<\/p>\n","protected":false},"author":1,"featured_media":0,"parent":0,"menu_order":0,"comment_status":"closed","ping_status":"closed","template":"page-fullwidth.php","meta":[],"_links":{"self":[{"href":"https:\/\/poweractive.es\/index.php?rest_route=\/wp\/v2\/pages\/11745"}],"collection":[{"href":"https:\/\/poweractive.es\/index.php?rest_route=\/wp\/v2\/pages"}],"about":[{"href":"https:\/\/poweractive.es\/index.php?rest_route=\/wp\/v2\/types\/page"}],"author":[{"embeddable":true,"href":"https:\/\/poweractive.es\/index.php?rest_route=\/wp\/v2\/users\/1"}],"replies":[{"embeddable":true,"href":"https:\/\/poweractive.es\/index.php?rest_route=%2Fwp%2Fv2%2Fcomments&post=11745"}],"version-history":[{"count":121,"href":"https:\/\/poweractive.es\/index.php?rest_route=\/wp\/v2\/pages\/11745\/revisions"}],"predecessor-version":[{"id":12090,"href":"https:\/\/poweractive.es\/index.php?rest_route=\/wp\/v2\/pages\/11745\/revisions\/12090"}],"wp:attachment":[{"href":"https:\/\/poweractive.es\/index.php?rest_route=%2Fwp%2Fv2%2Fmedia&parent=11745"}],"curies":[{"name":"wp","href":"https:\/\/api.w.org\/{rel}","templated":true}]}}